{"id":758,"date":"2023-06-14T20:54:20","date_gmt":"2023-06-14T20:54:20","guid":{"rendered":"https:\/\/webredox.net\/demo\/wp\/artefact\/multi\/light\/demo1\/?page_id=758"},"modified":"2025-06-10T15:58:07","modified_gmt":"2025-06-10T15:58:07","slug":"para-la-comunidad","status":"publish","type":"page","link":"https:\/\/caycu-arte.com\/index.php\/para-la-comunidad\/","title":{"rendered":"PARA LA COMUNIDAD"},"content":{"rendered":"\t\t<div data-elementor-type=\"wp-page\" data-elementor-id=\"758\" class=\"elementor elementor-758\">\n\t\t\t\t\t\t<section class=\"elementor-section elementor-top-section elementor-element elementor-element-77c86349 elementor-section-full_width elementor-section-height-default elementor-section-height-default\" data-id=\"77c86349\" data-element_type=\"section\">\n\t\t\t\t\t\t<div class=\"elementor-container elementor-column-gap-no\">\n\t\t\t\t\t<div class=\"elementor-column elementor-col-100 elementor-top-column elementor-element elementor-element-50d1472c\" data-id=\"50d1472c\" data-element_type=\"column\">\n\t\t\t<div class=\"elementor-widget-wrap elementor-element-populated\">\n\t\t\t\t\t\t<div class=\"elementor-element elementor-element-69e4c661 caja-com elementor-widget elementor-widget-artefact-banner-image\" data-id=\"69e4c661\" data-element_type=\"widget\" data-widget_type=\"artefact-banner-image.default\">\n\t\t\t\t<div class=\"elementor-widget-container\">\n\t\t\t\t\t\t\t\n\t<!-- Header Banner -->\n\t<header class=\"header\">\n\n\t\t\t\t<div class=\"banner-header full-height section-padding valign bg-img bg-fixed text-left\" data-overlay-dark=\"4\" data-background=\"https:\/\/caycu-arte.com\/wp-content\/uploads\/2025\/05\/escenario-comunidad-deg-02.webp\">\n\t\t\t\t\t\t\t\t\t\t\t\t<div class=\"container\">\n\t\t\t\t\t<div class=\"row\">\n\t\t\t\t\t\t<div class=\"col-md-6 offset-0\">\n\t\t\t\t\t\t\t<div class=\"caption\">\n\t\t\t\t\t\t\t\t\t\t\t\t\t\t\t\t<h5><a href=\"https:\/\/caycu-arte.com\/\">INICIO<\/a> \/ SERVICIOS<\/h5>\n\t\t\t\t\t\t\t\t\t\t\t\t\t\t\t\t\t\t\t\t\t\t\t\t\t\t\t\t\t\t\t\t<h1>PARA LA <span class=\"text-color-red\">COMUNIDAD<\/span><\/h1>\n\t\t\t\t\t\t\t\t\t\t\t\t\t\t\t\t\t\t\t\t\t\t\t\t<hr>\n\t\t\t\t\t\t\t\t<p>Vive la experiencia <strong>CAYCU<\/strong>, que te transportar\u00e1 en un viaje, llev\u00e1ndote al placer de tus propias emociones como resultado del encuentro con el arte.  <\/p>\n\t\t\t\t\t\t\t\t\t\t\t\t\t\t\t\t\t\t\t\t\t\t\t<\/div>\t\t\t\t\t\t\n\t\t\t\t\t\t<\/div>\t\t\t\t\t\t\n\t\t\t\t\t<\/div>\n\t\t\t\t<\/div>\n\t\t\t\t\t\t\n        <\/div>\t\t\t\n\t<\/header>\t\t\n\t\t\n    \t\t\t\t<\/div>\n\t\t\t\t<\/div>\n\t\t\t\t<div class=\"elementor-element elementor-element-7f6caa5 elementor-widget elementor-widget-html\" data-id=\"7f6caa5\" data-element_type=\"widget\" data-widget_type=\"html.default\">\n\t\t\t\t<div class=\"elementor-widget-container\">\n\t\t\t\t\t<script>\nfunction updateOverlay() {\n    let banner = document.querySelector('.banner-header');\n    if (window.innerWidth <= 768) {\n        banner.setAttribute('data-overlay-dark', '0'); \/\/ Cambia el valor cuando el ancho es menor o igual a 768px\n    } else {\n        banner.setAttribute('data-overlay-dark', '2'); \/\/ Restaura el valor cuando el ancho es mayor a 768px\n    }\n}\n\nwindow.addEventListener('load', updateOverlay);\nwindow.addEventListener('resize', updateOverlay);\n<\/script>\t\t\t\t<\/div>\n\t\t\t\t<\/div>\n\t\t\t\t<div class=\"elementor-element elementor-element-5c7583c elementor-hidden-desktop elementor-hidden-tablet elementor-widget elementor-widget-artefact-image\" data-id=\"5c7583c\" data-element_type=\"widget\" data-widget_type=\"artefact-image.default\">\n\t\t\t\t<div class=\"elementor-widget-container\">\n\t\t\t\t\t\t\t\n\t\t\t\t\n\t\t\t<div class=\"sec-img team\">\n\t\t\t\t<div class=\"img\">\n\t\t\t\t\t\t\t\t\n\t\t\t\t\t<img decoding=\"async\" src=\"https:\/\/caycu-arte.com\/wp-content\/uploads\/2025\/05\/escenario-comunidad-chico.webp\" alt=\"\"> \n\t\t\t\t\t\t\n\t\t\t\t<\/div>\t\n\t\t\t<\/div>\t\n\t\t\t\n\t\t\t\t\t\n\t\t\n\t\t\t\n        \t\t\t\t<\/div>\n\t\t\t\t<\/div>\n\t\t\t\t<div class=\"elementor-element elementor-element-1bbdd341 elementor-widget elementor-widget-artefact-vertical\" data-id=\"1bbdd341\" data-element_type=\"widget\" data-widget_type=\"artefact-vertical.default\">\n\t\t\t\t<div class=\"elementor-widget-container\">\n\t\t\t\t\t\t\t\n\t\t\t\t<!-- hr -->\n        <hr class=\"line-vr-section\">\n        \t\t\t\t\t\n\t\t\t\n        \t\t\t\t<\/div>\n\t\t\t\t<\/div>\n\t\t\t\t\t<\/div>\n\t\t<\/div>\n\t\t\t\t\t<\/div>\n\t\t<\/section>\n\t\t\t\t<section class=\"elementor-section elementor-top-section elementor-element elementor-element-69db7ea6 elementor-section-boxed elementor-section-height-default elementor-section-height-default\" data-id=\"69db7ea6\" data-element_type=\"section\">\n\t\t\t\t\t\t<div class=\"elementor-container elementor-column-gap-default\">\n\t\t\t\t\t<div class=\"elementor-column elementor-col-100 elementor-top-column elementor-element elementor-element-166a059d\" data-id=\"166a059d\" data-element_type=\"column\">\n\t\t\t<div class=\"elementor-widget-wrap elementor-element-populated\">\n\t\t\t\t\t\t<div class=\"elementor-section elementor-inner-section elementor-element elementor-element-2886ef82 elementor-section-boxed elementor-section-height-default elementor-section-height-default\" data-id=\"2886ef82\" data-element_type=\"section\">\n\t\t\t\t\t\t<div class=\"elementor-container elementor-column-gap-default\">\n\t\t\t\t\t<div class=\"elementor-column elementor-col-100 elementor-inner-column elementor-element elementor-element-33f7e05e\" data-id=\"33f7e05e\" data-element_type=\"column\">\n\t\t\t<div class=\"elementor-widget-wrap elementor-element-populated\">\n\t\t\t\t\t\t<div class=\"elementor-element elementor-element-62dad7d elementor-widget elementor-widget-artefact-text\" data-id=\"62dad7d\" data-element_type=\"widget\" data-widget_type=\"artefact-text.default\">\n\t\t\t\t<div class=\"elementor-widget-container\">\n\t\t\t\t\t\t\t\n\t\t<div class=\"section-text text-left black\"><p>Adem\u00e1s, dentro de nuestros <strong>Servicios para la Comunidad<\/strong>, promovemos espacios de encuentro y participaci\u00f3n activa, donde cada persona puede integrarse en la creaci\u00f3n, el disfrute y el aprendizaje colectivo. Ofrecemos talleres, charlas y actividades que fomentan la inclusi\u00f3n, el desarrollo personal y el fortalecimiento del tejido social. A trav\u00e9s del arte y la cultura, abrimos puertas a nuevas experiencias que enriquecen tu visi\u00f3n del mundo y te conectan con los dem\u00e1s, impulsando un sentido de pertenencia y colaboraci\u00f3n.<\/p><\/div>\n\t\t\n\t\t\t\n        \t\t\t\t<\/div>\n\t\t\t\t<\/div>\n\t\t\t\t<div class=\"elementor-element elementor-element-1f273f0 elementor-widget elementor-widget-artefact-gallery\" data-id=\"1f273f0\" data-element_type=\"widget\" data-widget_type=\"artefact-gallery.default\">\n\t\t\t\t<div class=\"elementor-widget-container\">\n\t\t\t\t\t\t\t\t\t<div class=\"sec-gallery\">\n\t\t\t<div class=\"container-after-gallery\">\n\t\t\t<div class=\"row artefact-gallery-items isotope-items-wrap loadmore-wrapper-gallery\" data-load-item=\"10000000\" data-button-text=\"Load More\">\t\n\t\t\t\t\t\t\t\t\t\t\t\t\t\t\t\t\n\t\t\t\t\t<div class=\"col-md-6 artefact-masonry-wrapper single-item isotope-item-gallery\">\t\n\t\t\t\t\t\t<div class=\"gallery-item\">\t\n\t\t\t\t\t\t    <a href=\"https:\/\/caycu-arte.com\/wp-content\/uploads\/2025\/05\/comunidad-01.webp\" title=\"\" class=\"img-zoom\">\n\t\t\t\t\t\t\t\t<div class=\"gallery-box\">\n\t\t\t\t\t\t\t\t\t<div class=\"gallery-img\"> <img decoding=\"async\" src=\"https:\/\/caycu-arte.com\/wp-content\/uploads\/2025\/05\/comunidad-01.webp\" alt=\"\"  class=\"img-fluid mx-auto d-block\"> <\/div>\n\t\t\t\t\t\t\t\t<\/div>\t\t\t\t\t\t\t\t\t\n\t\t\t\t\t\t\t<\/a>\t\t\t\t\t\t\t\n\t\t\t\t\t\t<\/div>\n\t\t\t\t\t<\/div>\n\t\t\t\t\t\n\t\t\t\t\t\t\t\t\t\t\t\t\t\t\t\t\n\t\t\t\t\t<div class=\"col-md-6 artefact-masonry-wrapper single-item isotope-item-gallery\">\t\n\t\t\t\t\t\t<div class=\"gallery-item\">\t\n\t\t\t\t\t\t    <a href=\"https:\/\/caycu-arte.com\/wp-content\/uploads\/2025\/06\/comunidad-02-noLogo.webp\" title=\"\" class=\"img-zoom\">\n\t\t\t\t\t\t\t\t<div class=\"gallery-box\">\n\t\t\t\t\t\t\t\t\t<div class=\"gallery-img\"> <img decoding=\"async\" src=\"https:\/\/caycu-arte.com\/wp-content\/uploads\/2025\/06\/comunidad-02-noLogo.webp\" alt=\"\"  class=\"img-fluid mx-auto d-block\"> <\/div>\n\t\t\t\t\t\t\t\t<\/div>\t\t\t\t\t\t\t\t\t\n\t\t\t\t\t\t\t<\/a>\t\t\t\t\t\t\t\n\t\t\t\t\t\t<\/div>\n\t\t\t\t\t<\/div>\n\t\t\t\t\t\n\t\t\t\t\t\t\t\t\t\t\t\t\t\t\t\t\n\t\t\t\t\t<div class=\"col-md-6 artefact-masonry-wrapper single-item isotope-item-gallery\">\t\n\t\t\t\t\t\t<div class=\"gallery-item\">\t\n\t\t\t\t\t\t    <a href=\"https:\/\/caycu-arte.com\/wp-content\/uploads\/2025\/05\/comunidad-03.webp\" title=\"\" class=\"img-zoom\">\n\t\t\t\t\t\t\t\t<div class=\"gallery-box\">\n\t\t\t\t\t\t\t\t\t<div class=\"gallery-img\"> <img decoding=\"async\" src=\"https:\/\/caycu-arte.com\/wp-content\/uploads\/2025\/05\/comunidad-03.webp\" alt=\"\"  class=\"img-fluid mx-auto d-block\"> <\/div>\n\t\t\t\t\t\t\t\t<\/div>\t\t\t\t\t\t\t\t\t\n\t\t\t\t\t\t\t<\/a>\t\t\t\t\t\t\t\n\t\t\t\t\t\t<\/div>\n\t\t\t\t\t<\/div>\n\t\t\t\t\t\n\t\t\t\t\t\t\t\t\t\t\t\t\t\t\t\t\n\t\t\t\t\t<div class=\"col-md-6 artefact-masonry-wrapper single-item isotope-item-gallery\">\t\n\t\t\t\t\t\t<div class=\"gallery-item\">\t\n\t\t\t\t\t\t    <a href=\"https:\/\/caycu-arte.com\/wp-content\/uploads\/2025\/05\/comunidad-07.webp\" title=\"\" class=\"img-zoom\">\n\t\t\t\t\t\t\t\t<div class=\"gallery-box\">\n\t\t\t\t\t\t\t\t\t<div class=\"gallery-img\"> <img decoding=\"async\" src=\"https:\/\/caycu-arte.com\/wp-content\/uploads\/2025\/05\/comunidad-07.webp\" alt=\"\"  class=\"img-fluid mx-auto d-block\"> <\/div>\n\t\t\t\t\t\t\t\t<\/div>\t\t\t\t\t\t\t\t\t\n\t\t\t\t\t\t\t<\/a>\t\t\t\t\t\t\t\n\t\t\t\t\t\t<\/div>\n\t\t\t\t\t<\/div>\n\t\t\t\t\t\n\t\t\t\t\t\t\t\t\t\t\t\t\t\t\t\t\n\t\t\t\t\t<div class=\"col-md-6 artefact-masonry-wrapper single-item isotope-item-gallery\">\t\n\t\t\t\t\t\t<div class=\"gallery-item\">\t\n\t\t\t\t\t\t    <a href=\"https:\/\/caycu-arte.com\/wp-content\/uploads\/2025\/05\/comunidad-04.webp\" title=\"\" class=\"img-zoom\">\n\t\t\t\t\t\t\t\t<div class=\"gallery-box\">\n\t\t\t\t\t\t\t\t\t<div class=\"gallery-img\"> <img decoding=\"async\" src=\"https:\/\/caycu-arte.com\/wp-content\/uploads\/2025\/05\/comunidad-04.webp\" alt=\"\"  class=\"img-fluid mx-auto d-block\"> <\/div>\n\t\t\t\t\t\t\t\t<\/div>\t\t\t\t\t\t\t\t\t\n\t\t\t\t\t\t\t<\/a>\t\t\t\t\t\t\t\n\t\t\t\t\t\t<\/div>\n\t\t\t\t\t<\/div>\n\t\t\t\t\t\n\t\t\t\t\t\t\t\t\t\t\t\t\t\t\t\t\n\t\t\t\t\t<div class=\"col-md-6 artefact-masonry-wrapper single-item isotope-item-gallery\">\t\n\t\t\t\t\t\t<div class=\"gallery-item\">\t\n\t\t\t\t\t\t    <a href=\"https:\/\/caycu-arte.com\/wp-content\/uploads\/2025\/05\/comunidad-06.webp\" title=\"\" class=\"img-zoom\">\n\t\t\t\t\t\t\t\t<div class=\"gallery-box\">\n\t\t\t\t\t\t\t\t\t<div class=\"gallery-img\"> <img decoding=\"async\" src=\"https:\/\/caycu-arte.com\/wp-content\/uploads\/2025\/05\/comunidad-06.webp\" alt=\"\"  class=\"img-fluid mx-auto d-block\"> <\/div>\n\t\t\t\t\t\t\t\t<\/div>\t\t\t\t\t\t\t\t\t\n\t\t\t\t\t\t\t<\/a>\t\t\t\t\t\t\t\n\t\t\t\t\t\t<\/div>\n\t\t\t\t\t<\/div>\n\t\t\t\t\t\n\t\t\t\t\t\t\t\t\t\t\t\t\t\t\t\t\n\t\t\t\t\t<div class=\"col-md-6 artefact-masonry-wrapper single-item isotope-item-gallery\">\t\n\t\t\t\t\t\t<div class=\"gallery-item\">\t\n\t\t\t\t\t\t    <a href=\"https:\/\/caycu-arte.com\/wp-content\/uploads\/2025\/05\/comunidad-05.webp\" title=\"\" class=\"img-zoom\">\n\t\t\t\t\t\t\t\t<div class=\"gallery-box\">\n\t\t\t\t\t\t\t\t\t<div class=\"gallery-img\"> <img decoding=\"async\" src=\"https:\/\/caycu-arte.com\/wp-content\/uploads\/2025\/05\/comunidad-05.webp\" alt=\"\"  class=\"img-fluid mx-auto d-block\"> <\/div>\n\t\t\t\t\t\t\t\t<\/div>\t\t\t\t\t\t\t\t\t\n\t\t\t\t\t\t\t<\/a>\t\t\t\t\t\t\t\n\t\t\t\t\t\t<\/div>\n\t\t\t\t\t<\/div>\n\t\t\t\t\t\n\t\t\t\t\t\t\t\t\t\t\t\t\t\t\t\t\n\t\t\t\t\t<div class=\"col-md-6 artefact-masonry-wrapper single-item isotope-item-gallery\">\t\n\t\t\t\t\t\t<div class=\"gallery-item\">\t\n\t\t\t\t\t\t    <a href=\"https:\/\/caycu-arte.com\/wp-content\/uploads\/2025\/06\/comunidad-08-noLogo.webp\" title=\"\" class=\"img-zoom\">\n\t\t\t\t\t\t\t\t<div class=\"gallery-box\">\n\t\t\t\t\t\t\t\t\t<div class=\"gallery-img\"> <img decoding=\"async\" src=\"https:\/\/caycu-arte.com\/wp-content\/uploads\/2025\/06\/comunidad-08-noLogo.webp\" alt=\"\"  class=\"img-fluid mx-auto d-block\"> <\/div>\n\t\t\t\t\t\t\t\t<\/div>\t\t\t\t\t\t\t\t\t\n\t\t\t\t\t\t\t<\/a>\t\t\t\t\t\t\t\n\t\t\t\t\t\t<\/div>\n\t\t\t\t\t<\/div>\n\t\t\t\t\t\n\t\t\t\t\t\t\t\t\t\t\t\t\t\t\t\t\n\t\t\t\t\t<div class=\"col-md-6 artefact-masonry-wrapper single-item isotope-item-gallery\">\t\n\t\t\t\t\t\t<div class=\"gallery-item\">\t\n\t\t\t\t\t\t    <a href=\"https:\/\/caycu-arte.com\/wp-content\/uploads\/2025\/06\/comunidad-10-noLogo.webp\" title=\"\" class=\"img-zoom\">\n\t\t\t\t\t\t\t\t<div class=\"gallery-box\">\n\t\t\t\t\t\t\t\t\t<div class=\"gallery-img\"> <img decoding=\"async\" src=\"https:\/\/caycu-arte.com\/wp-content\/uploads\/2025\/06\/comunidad-10-noLogo.webp\" alt=\"\"  class=\"img-fluid mx-auto d-block\"> <\/div>\n\t\t\t\t\t\t\t\t<\/div>\t\t\t\t\t\t\t\t\t\n\t\t\t\t\t\t\t<\/a>\t\t\t\t\t\t\t\n\t\t\t\t\t\t<\/div>\n\t\t\t\t\t<\/div>\n\t\t\t\t\t\n\t\t\t\t\t\t\t\t\t\t\t\t\t\t\t\t\n\t\t\t\t\t<div class=\"col-md-6 artefact-masonry-wrapper single-item isotope-item-gallery\">\t\n\t\t\t\t\t\t<div class=\"gallery-item\">\t\n\t\t\t\t\t\t    <a href=\"https:\/\/caycu-arte.com\/wp-content\/uploads\/2025\/06\/comunidad-11-noLogo.webp\" title=\"\" class=\"img-zoom\">\n\t\t\t\t\t\t\t\t<div class=\"gallery-box\">\n\t\t\t\t\t\t\t\t\t<div class=\"gallery-img\"> <img decoding=\"async\" src=\"https:\/\/caycu-arte.com\/wp-content\/uploads\/2025\/06\/comunidad-11-noLogo.webp\" alt=\"\"  class=\"img-fluid mx-auto d-block\"> <\/div>\n\t\t\t\t\t\t\t\t<\/div>\t\t\t\t\t\t\t\t\t\n\t\t\t\t\t\t\t<\/a>\t\t\t\t\t\t\t\n\t\t\t\t\t\t<\/div>\n\t\t\t\t\t<\/div>\n\t\t\t\t\t\n\t\t\t\t\t\n\t\t\t<\/div>\t\t\t\t\n\t\t\t<\/div>\t\t\t\t\n\t\t<\/div>\t\t\t\t\n\n        \t\t\t\t<\/div>\n\t\t\t\t<\/div>\n\t\t\t\t\t<\/div>\n\t\t<\/div>\n\t\t\t\t\t<\/div>\n\t\t<\/div>\n\t\t\t\t\t<\/div>\n\t\t<\/div>\n\t\t\t\t\t<\/div>\n\t\t<\/section>\n\t\t\t\t<\/div>\n\t\t","protected":false},"excerpt":{"rendered":"<p>INICIO \/ SERVICIOS PARA LA COMUNIDAD Vive la experiencia CAYCU, que te transportar\u00e1 en un viaje, llev\u00e1ndote al placer de tus propias emociones como resultado del encuentro con el arte. Adem\u00e1s, dentro de nuestros Servicios para la Comunidad, promovemos espacios de encuentro y participaci\u00f3n activa, donde cada persona puede integrarse en la creaci\u00f3n, el disfrute y el aprendizaje colectivo. Ofrecemos<\/p>\n","protected":false},"author":1,"featured_media":0,"parent":0,"menu_order":0,"comment_status":"closed","ping_status":"closed","template":"","meta":{"_monsterinsights_skip_tracking":false,"_monsterinsights_sitenote_active":false,"_monsterinsights_sitenote_note":"","_monsterinsights_sitenote_category":0,"footnotes":""},"class_list":["post-758","page","type-page","status-publish","hentry"],"yoast_head":"<!-- This site is optimized with the Yoast SEO plugin v24.7 - https:\/\/yoast.com\/wordpress\/plugins\/seo\/ -->\n<title>PARA LA COMUNIDAD - CAYCU-ARTE<\/title>\n<meta name=\"robots\" content=\"index, follow, max-snippet:-1, max-image-preview:large, max-video-preview:-1\" \/>\n<link rel=\"canonical\" href=\"https:\/\/caycu-arte.com\/index.php\/para-la-comunidad\/\" \/>\n<meta property=\"og:locale\" content=\"es_MX\" \/>\n<meta property=\"og:type\" content=\"article\" \/>\n<meta property=\"og:title\" content=\"PARA LA COMUNIDAD - CAYCU-ARTE\" \/>\n<meta property=\"og:description\" content=\"INICIO \/ SERVICIOS PARA LA COMUNIDAD Vive la experiencia CAYCU, que te transportar\u00e1 en un viaje, llev\u00e1ndote al placer de tus propias emociones como resultado del encuentro con el arte. Adem\u00e1s, dentro de nuestros Servicios para la Comunidad, promovemos espacios de encuentro y participaci\u00f3n activa, donde cada persona puede integrarse en la creaci\u00f3n, el disfrute y el aprendizaje colectivo. Ofrecemos\" \/>\n<meta property=\"og:url\" content=\"https:\/\/caycu-arte.com\/index.php\/para-la-comunidad\/\" \/>\n<meta property=\"og:site_name\" content=\"CAYCU-ARTE\" \/>\n<meta property=\"article:modified_time\" content=\"2025-06-10T15:58:07+00:00\" \/>\n<meta property=\"og:image\" content=\"https:\/\/caycu-arte.com\/wp-content\/uploads\/2025\/05\/escenario-comunidad-chico.webp\" \/>\n<meta name=\"twitter:card\" content=\"summary_large_image\" \/>\n<meta name=\"twitter:label1\" content=\"Tiempo de lectura\" \/>\n\t<meta name=\"twitter:data1\" content=\"3 minutos\" \/>\n<script type=\"application\/ld+json\" class=\"yoast-schema-graph\">{\"@context\":\"https:\/\/schema.org\",\"@graph\":[{\"@type\":\"WebPage\",\"@id\":\"https:\/\/caycu-arte.com\/index.php\/para-la-comunidad\/\",\"url\":\"https:\/\/caycu-arte.com\/index.php\/para-la-comunidad\/\",\"name\":\"PARA LA COMUNIDAD - CAYCU-ARTE\",\"isPartOf\":{\"@id\":\"https:\/\/caycu-arte.com\/#website\"},\"primaryImageOfPage\":{\"@id\":\"https:\/\/caycu-arte.com\/index.php\/para-la-comunidad\/#primaryimage\"},\"image\":{\"@id\":\"https:\/\/caycu-arte.com\/index.php\/para-la-comunidad\/#primaryimage\"},\"thumbnailUrl\":\"https:\/\/caycu-arte.com\/wp-content\/uploads\/2025\/05\/escenario-comunidad-chico.webp\",\"datePublished\":\"2023-06-14T20:54:20+00:00\",\"dateModified\":\"2025-06-10T15:58:07+00:00\",\"breadcrumb\":{\"@id\":\"https:\/\/caycu-arte.com\/index.php\/para-la-comunidad\/#breadcrumb\"},\"inLanguage\":\"es\",\"potentialAction\":[{\"@type\":\"ReadAction\",\"target\":[\"https:\/\/caycu-arte.com\/index.php\/para-la-comunidad\/\"]}]},{\"@type\":\"ImageObject\",\"inLanguage\":\"es\",\"@id\":\"https:\/\/caycu-arte.com\/index.php\/para-la-comunidad\/#primaryimage\",\"url\":\"https:\/\/caycu-arte.com\/wp-content\/uploads\/2025\/05\/escenario-comunidad-chico.webp\",\"contentUrl\":\"https:\/\/caycu-arte.com\/wp-content\/uploads\/2025\/05\/escenario-comunidad-chico.webp\",\"width\":800,\"height\":504},{\"@type\":\"BreadcrumbList\",\"@id\":\"https:\/\/caycu-arte.com\/index.php\/para-la-comunidad\/#breadcrumb\",\"itemListElement\":[{\"@type\":\"ListItem\",\"position\":1,\"name\":\"Inicio\",\"item\":\"https:\/\/caycu-arte.com\/\"},{\"@type\":\"ListItem\",\"position\":2,\"name\":\"PARA LA COMUNIDAD\"}]},{\"@type\":\"WebSite\",\"@id\":\"https:\/\/caycu-arte.com\/#website\",\"url\":\"https:\/\/caycu-arte.com\/\",\"name\":\"CAYCU-ARTE\",\"description\":\"Creando Experiencias a trav\u00e9s del Arte\",\"potentialAction\":[{\"@type\":\"SearchAction\",\"target\":{\"@type\":\"EntryPoint\",\"urlTemplate\":\"https:\/\/caycu-arte.com\/?s={search_term_string}\"},\"query-input\":{\"@type\":\"PropertyValueSpecification\",\"valueRequired\":true,\"valueName\":\"search_term_string\"}}],\"inLanguage\":\"es\"}]}<\/script>\n<!-- \/ Yoast SEO plugin. -->","yoast_head_json":{"title":"PARA LA COMUNIDAD - CAYCU-ARTE","robots":{"index":"index","follow":"follow","max-snippet":"max-snippet:-1","max-image-preview":"max-image-preview:large","max-video-preview":"max-video-preview:-1"},"canonical":"https:\/\/caycu-arte.com\/index.php\/para-la-comunidad\/","og_locale":"es_MX","og_type":"article","og_title":"PARA LA COMUNIDAD - CAYCU-ARTE","og_description":"INICIO \/ SERVICIOS PARA LA COMUNIDAD Vive la experiencia CAYCU, que te transportar\u00e1 en un viaje, llev\u00e1ndote al placer de tus propias emociones como resultado del encuentro con el arte. Adem\u00e1s, dentro de nuestros Servicios para la Comunidad, promovemos espacios de encuentro y participaci\u00f3n activa, donde cada persona puede integrarse en la creaci\u00f3n, el disfrute y el aprendizaje colectivo. Ofrecemos","og_url":"https:\/\/caycu-arte.com\/index.php\/para-la-comunidad\/","og_site_name":"CAYCU-ARTE","article_modified_time":"2025-06-10T15:58:07+00:00","og_image":[{"url":"https:\/\/caycu-arte.com\/wp-content\/uploads\/2025\/05\/escenario-comunidad-chico.webp","type":"","width":"","height":""}],"twitter_card":"summary_large_image","twitter_misc":{"Tiempo de lectura":"3 minutos"},"schema":{"@context":"https:\/\/schema.org","@graph":[{"@type":"WebPage","@id":"https:\/\/caycu-arte.com\/index.php\/para-la-comunidad\/","url":"https:\/\/caycu-arte.com\/index.php\/para-la-comunidad\/","name":"PARA LA COMUNIDAD - CAYCU-ARTE","isPartOf":{"@id":"https:\/\/caycu-arte.com\/#website"},"primaryImageOfPage":{"@id":"https:\/\/caycu-arte.com\/index.php\/para-la-comunidad\/#primaryimage"},"image":{"@id":"https:\/\/caycu-arte.com\/index.php\/para-la-comunidad\/#primaryimage"},"thumbnailUrl":"https:\/\/caycu-arte.com\/wp-content\/uploads\/2025\/05\/escenario-comunidad-chico.webp","datePublished":"2023-06-14T20:54:20+00:00","dateModified":"2025-06-10T15:58:07+00:00","breadcrumb":{"@id":"https:\/\/caycu-arte.com\/index.php\/para-la-comunidad\/#breadcrumb"},"inLanguage":"es","potentialAction":[{"@type":"ReadAction","target":["https:\/\/caycu-arte.com\/index.php\/para-la-comunidad\/"]}]},{"@type":"ImageObject","inLanguage":"es","@id":"https:\/\/caycu-arte.com\/index.php\/para-la-comunidad\/#primaryimage","url":"https:\/\/caycu-arte.com\/wp-content\/uploads\/2025\/05\/escenario-comunidad-chico.webp","contentUrl":"https:\/\/caycu-arte.com\/wp-content\/uploads\/2025\/05\/escenario-comunidad-chico.webp","width":800,"height":504},{"@type":"BreadcrumbList","@id":"https:\/\/caycu-arte.com\/index.php\/para-la-comunidad\/#breadcrumb","itemListElement":[{"@type":"ListItem","position":1,"name":"Inicio","item":"https:\/\/caycu-arte.com\/"},{"@type":"ListItem","position":2,"name":"PARA LA COMUNIDAD"}]},{"@type":"WebSite","@id":"https:\/\/caycu-arte.com\/#website","url":"https:\/\/caycu-arte.com\/","name":"CAYCU-ARTE","description":"Creando Experiencias a trav\u00e9s del Arte","potentialAction":[{"@type":"SearchAction","target":{"@type":"EntryPoint","urlTemplate":"https:\/\/caycu-arte.com\/?s={search_term_string}"},"query-input":{"@type":"PropertyValueSpecification","valueRequired":true,"valueName":"search_term_string"}}],"inLanguage":"es"}]}},"_links":{"self":[{"href":"https:\/\/caycu-arte.com\/index.php\/wp-json\/wp\/v2\/pages\/758","targetHints":{"allow":["GET"]}}],"collection":[{"href":"https:\/\/caycu-arte.com\/index.php\/wp-json\/wp\/v2\/pages"}],"about":[{"href":"https:\/\/caycu-arte.com\/index.php\/wp-json\/wp\/v2\/types\/page"}],"author":[{"embeddable":true,"href":"https:\/\/caycu-arte.com\/index.php\/wp-json\/wp\/v2\/users\/1"}],"replies":[{"embeddable":true,"href":"https:\/\/caycu-arte.com\/index.php\/wp-json\/wp\/v2\/comments?post=758"}],"version-history":[{"count":54,"href":"https:\/\/caycu-arte.com\/index.php\/wp-json\/wp\/v2\/pages\/758\/revisions"}],"predecessor-version":[{"id":3740,"href":"https:\/\/caycu-arte.com\/index.php\/wp-json\/wp\/v2\/pages\/758\/revisions\/3740"}],"wp:attachment":[{"href":"https:\/\/caycu-arte.com\/index.php\/wp-json\/wp\/v2\/media?parent=758"}],"curies":[{"name":"wp","href":"https:\/\/api.w.org\/{rel}","templated":true}]}}